{"id":1993,"date":"2019-10-16T09:39:49","date_gmt":"2019-10-16T09:39:49","guid":{"rendered":"http:\/\/wm-an-consulting.de\/?page_id=1993"},"modified":"2023-03-29T18:02:11","modified_gmt":"2023-03-29T18:02:11","slug":"consulting","status":"publish","type":"page","link":"https:\/\/wm-an-consulting.de\/?page_id=1993","title":{"rendered":"Consulting"},"content":{"rendered":"<p><div class=\"fusion-fullwidth fullwidth-box fusion-builder-row-1 fusion-parallax-none nonhundred-percent-fullwidth non-hundred-percent-height-scrolling\" style=\"--awb-border-radius-top-left:0px;--awb-border-radius-top-right:0px;--awb-border-radius-bottom-right:0px;--awb-border-radius-bottom-left:0px;--awb-padding-top:45px;--awb-background-color:#eeeeee;--awb-background-image:url(&quot;https:\/\/wm-an-consulting.de\/wp-content\/uploads\/2019\/10\/Bild-3-Hausverwaltungen-Kopie__2019-1024x683.jpg&quot;);--awb-background-size:cover;\" ><div class=\"fusion-builder-row fusion-row\"><div class=\"fusion-layout-column fusion_builder_column fusion-builder-column-0 fusion_builder_column_1_1 1_1 fusion-one-full fusion-column-first fusion-column-last\" style=\"--awb-bg-blend:overlay;--awb-bg-size:cover;--awb-margin-top:0px;--awb-margin-bottom:0px;\"><div class=\"fusion-column-wrapper fusion-flex-column-wrapper-legacy\"><div class=\"fusion-column-content-centered\"><div class=\"fusion-column-content\"><div class=\"fusion-sep-clear\"><\/div><div class=\"fusion-separator fusion-full-width-sep\" style=\"margin-left: auto;margin-right: auto;margin-top:30px;margin-bottom:230px;width:100%;\"><\/div><div class=\"fusion-sep-clear\"><\/div><\/div><\/div><div class=\"fusion-clearfix\"><\/div><\/div><\/div><\/div><\/div><div class=\"fusion-fullwidth fullwidth-box fusion-builder-row-2 nonhundred-percent-fullwidth non-hundred-percent-height-scrolling\" style=\"--awb-border-radius-top-left:0px;--awb-border-radius-top-right:0px;--awb-border-radius-bottom-right:0px;--awb-border-radius-bottom-left:0px;--awb-padding-top:0px;--awb-padding-bottom:0px;--awb-margin-bottom:0px;--awb-background-color:#ffffff;\" ><div class=\"fusion-builder-row fusion-row\"><div class=\"fusion-layout-column fusion_builder_column fusion-builder-column-1 fusion_builder_column_1_6 1_6 fusion-one-sixth fusion-column-first fusion-no-small-visibility\" style=\"--awb-bg-blend:overlay;--awb-bg-size:cover;width:16.666666666667%;width:calc(16.666666666667% - ( ( 4% + 4% ) * 0.16666666666667 ) );margin-right: 4%;\"><div class=\"fusion-column-wrapper fusion-flex-column-wrapper-legacy\"><div class=\"fusion-clearfix\"><\/div><\/div><\/div><div class=\"fusion-layout-column fusion_builder_column fusion-builder-column-2 fusion_builder_column_2_3 2_3 fusion-two-third fusion-animated\" style=\"--awb-bg-blend:overlay;--awb-bg-size:cover;--awb-margin-top:80px;--awb-margin-bottom:40px;width:66.666666666667%;width:calc(66.666666666667% - ( ( 4% + 4% ) * 0.66666666666667 ) );margin-right: 4%;\" data-animationType=\"zoomIn\" data-animationDuration=\"0.9\" data-animationOffset=\"top-into-view\"><div class=\"fusion-column-wrapper fusion-flex-column-wrapper-legacy\"><div class=\"fusion-title title fusion-title-1 fusion-sep-none fusion-title-center fusion-title-text fusion-title-size-two\" style=\"--awb-margin-top:0px;\"><h2 class=\"title-heading-center fusion-responsive-typography-calculated\" style=\"margin:0;--fontSize:44;line-height:1.05;\"><span style=\"color: #333333;\">Consulting<br \/>Kunststoff<\/span><\/h2><\/div><div class=\"fusion-sep-clear\"><\/div><div class=\"fusion-separator\" style=\"margin-left: auto;margin-right: auto;margin-top:16px;margin-bottom:36px;width:100%;max-width:24%;\"><div class=\"fusion-separator-border sep-single\" style=\"border-color:#5e6276;border-top-width:2px;\"><\/div><\/div><div class=\"fusion-sep-clear\"><\/div><div class=\"fusion-text fusion-text-1\"><p style=\"text-align: center;\"><span style=\"color: #333333;\">Die Idee!<\/span><\/p>\n<\/div><div class=\"fusion-sep-clear\"><\/div><div class=\"fusion-separator fusion-full-width-sep\" style=\"margin-left: auto;margin-right: auto;margin-bottom:-30px;width:100%;\"><\/div><div class=\"fusion-sep-clear\"><\/div><div class=\"fusion-clearfix\"><\/div><\/div><\/div><div class=\"fusion-layout-column fusion_builder_column fusion-builder-column-3 fusion_builder_column_1_6 1_6 fusion-one-sixth fusion-column-last fusion-no-small-visibility\" style=\"--awb-bg-blend:overlay;--awb-bg-size:cover;width:16.666666666667%;width:calc(16.666666666667% - ( ( 4% + 4% ) * 0.16666666666667 ) );\"><div class=\"fusion-column-wrapper fusion-flex-column-wrapper-legacy\"><div class=\"fusion-clearfix\"><\/div><\/div><\/div><div class=\"fusion-layout-column fusion_builder_column fusion-builder-column-4 fusion_builder_column_1_6 1_6 fusion-one-sixth fusion-column-first fusion-no-small-visibility\" style=\"--awb-bg-blend:overlay;--awb-bg-size:cover;width:16.666666666667%;width:calc(16.666666666667% - ( ( 4% + 4% ) * 0.16666666666667 ) );margin-right: 4%;\"><div class=\"fusion-column-wrapper fusion-flex-column-wrapper-legacy\"><div class=\"fusion-clearfix\"><\/div><\/div><\/div><div class=\"fusion-layout-column fusion_builder_column fusion-builder-column-5 fusion_builder_column_2_3 2_3 fusion-two-third fusion-animated\" style=\"--awb-bg-blend:overlay;--awb-bg-size:cover;--awb-margin-top:0px;--awb-margin-bottom:0px;width:66.666666666667%;width:calc(66.666666666667% - ( ( 4% + 4% ) * 0.66666666666667 ) );margin-right: 4%;\" data-animationType=\"zoomIn\" data-animationDuration=\"0.9\" data-animationOffset=\"top-into-view\"><div class=\"fusion-column-wrapper fusion-flex-column-wrapper-legacy\"><div class=\"fusion-text fusion-text-2\"><div class=\"page\" title=\"Page 1\">\n<div class=\"layoutArea\">\n<div class=\"column\">\n<p><span style=\"color: #333333;\">Nach jahrelanger Berufserfahrung in der Kunststoffverarbeitenden Industrie biete ich Ihnen eine vertrauensvolle Beratung, Projektbearbeitung und Unterst\u00fctzung bei Ihren Applikationen und Aufgaben an.<\/span><\/p>\n<p><span style=\"color: #333333;\">Dies k\u00f6nnten sein:<\/span><\/p>\n<p><span style=\"color: #333333;\">&#8211; Koordinierung der Herstellungsprozesse entlang der Wertsch\u00f6pfung<\/span><\/p>\n<p><span style=\"color: #333333;\">&#8211; Ihre Idee umsetzen mit Entwicklungspartnern zur Produktgestaltung<\/span><\/p>\n<p><span style=\"color: #333333;\">&#8211; Prototypenherstellung mit Partnern in verschiedenen Produktionsverfahren<\/span><\/p>\n<p><span style=\"color: #333333;\">&#8211; Materialauswahl nach Ihren W\u00fcnschen und Anforderungen<\/span><\/p>\n<p><span style=\"color: #333333;\">&#8211; Lieferantenauswahl <\/span><\/p>\n<p><span style=\"color: #333333;\">&#8211; Konstruktion, Werkzeugbau, Spritzerei, Insert\/Metallteile<\/span><\/p>\n<p><span style=\"color: #333333;\">&#8211; Individuelle, nachhaltige L\u00f6sungen zum verpacken Ihrer Produkte<\/span><\/p>\n<p><span style=\"color: #333333;\">&#8211; Spritzguss Werkzeuge f\u00fcr die unterschiedlichsten Anwendungen beschaffen<\/span><\/p>\n<p><span style=\"color: #333333;\">\u2013 Projektbegleitung von Werkzeugerstellung bis Produktfreigabe<\/span><\/p>\n<p><span style=\"color: #333333;\">\u2013 Oberfl\u00e4chen Applikationen, Beschichtungsverfahren wie Lackieren, PVD, Chrom<\/span><\/p>\n<p><span style=\"color: #333333;\">\u2013 Dekorationsverfahren wie Digitaldruck, IMD\/IML, Laser, Hei\u00dfpr\u00e4gen, Tampon- oder Siebdruck<\/span><\/p>\n<p><span style=\"color: #333333;\">\u2013 Assemblage von Baugruppen, abgestimmt nach Anforderungen Wirtschaftlichkeit, -Hand, Teil \u2013 oder vollautomatisiert <\/span><\/p>\n<p><span style=\"color: #333333;\">\u2013 Unterst\u00fctzung bei Reklamationsmanagement<\/span><\/p>\n<p><span style=\"color: #333333;\">&#8211; Ihre gew\u00fcnschte Unterst\u00fctzung bei?<\/span><\/p>\n<p><span style=\"color: #333333;\">Eine Partnerschaftliche, Kundenorientierte Zusammenarbeit ist garantiert!<\/span><\/p>\n<\/div>\n<\/div>\n<\/div>\n<\/div><div class=\"fusion-clearfix\"><\/div><\/div><\/div><div class=\"fusion-layout-column fusion_builder_column fusion-builder-column-6 fusion_builder_column_1_6 1_6 fusion-one-sixth fusion-column-last fusion-no-small-visibility\" style=\"--awb-bg-blend:overlay;--awb-bg-size:cover;width:16.666666666667%;width:calc(16.666666666667% - ( ( 4% + 4% ) * 0.16666666666667 ) );\"><div class=\"fusion-column-wrapper fusion-flex-column-wrapper-legacy\"><div class=\"fusion-clearfix\"><\/div><\/div><\/div><div class=\"fusion-layout-column fusion_builder_column fusion-builder-column-7 fusion_builder_column_1_6 1_6 fusion-one-sixth fusion-column-first fusion-no-small-visibility\" style=\"--awb-bg-blend:overlay;--awb-bg-size:cover;width:16.666666666667%;width:calc(16.666666666667% - ( ( 4% + 4% ) * 0.16666666666667 ) );margin-right: 4%;\"><div class=\"fusion-column-wrapper fusion-flex-column-wrapper-legacy\"><div class=\"fusion-clearfix\"><\/div><\/div><\/div><div class=\"fusion-layout-column fusion_builder_column fusion-builder-column-8 fusion_builder_column_2_3 2_3 fusion-two-third fusion-animated\" style=\"--awb-padding-top:50px;--awb-bg-blend:overlay;--awb-bg-size:cover;width:66.666666666667%;width:calc(66.666666666667% - ( ( 4% + 4% ) * 0.66666666666667 ) );margin-right: 4%;\" data-animationType=\"zoomIn\" data-animationDuration=\"0.9\" data-animationOffset=\"top-into-view\"><div class=\"fusion-column-wrapper fusion-flex-column-wrapper-legacy\"><div class=\"fusion-text fusion-text-3\"><\/div><div class=\"fusion-image-element fusion-image-align-center in-legacy-container\" style=\"text-align:center;--awb-max-width:300px;\"><div class=\"imageframe-align-center\"><span class=\" fusion-imageframe imageframe-none imageframe-1 hover-type-none\"><img decoding=\"async\" width=\"1000\" height=\"650\" title=\"Logo_consulting\" src=\"https:\/\/wm-an-consulting.de\/wp-content\/uploads\/2019\/10\/Logo_consulting.png\" alt class=\"img-responsive wp-image-1999\" srcset=\"https:\/\/wm-an-consulting.de\/wp-content\/uploads\/2019\/10\/Logo_consulting-200x130.png 200w, https:\/\/wm-an-consulting.de\/wp-content\/uploads\/2019\/10\/Logo_consulting-400x260.png 400w, https:\/\/wm-an-consulting.de\/wp-content\/uploads\/2019\/10\/Logo_consulting-600x390.png 600w, https:\/\/wm-an-consulting.de\/wp-content\/uploads\/2019\/10\/Logo_consulting-800x520.png 800w, https:\/\/wm-an-consulting.de\/wp-content\/uploads\/2019\/10\/Logo_consulting.png 1000w\" sizes=\"(max-width: 1000px) 100vw, 800px\" \/><\/span><\/div><\/div><div class=\"fusion-text fusion-text-4\"><p style=\"text-align: left;\"><span style=\"color: #333333;\">Meine Kenntnisse und Erfahrungen konnte ich in meiner beruflichen Laufbahn entlang der Wertsch\u00f6pfungskette bei der Herstellung von Kunststoffspritzgusskomponenten gewinnen, in Werkzeugbau, Entwicklung, Spritzgie\u00dffertigung, Montage, Veredelung, Planung, Projektmanagement und Key Account Management.<\/span><\/p>\n<\/div><div class=\"fusion-text fusion-text-5\"><div class=\"page\" title=\"Page 1\">\n<div class=\"layoutArea\">\n<div class=\"column\">\n<p><span style=\"color: #333333;\">Z\u00f6gern Sie nicht, mich zu anzusprechen, wenn meine M\u00f6glichkeiten Sie weiterbringen und f\u00fcr Sie von Vorteil sein k\u00f6nnen.<\/span><\/p>\n<\/div>\n<\/div>\n<\/div>\n<p style=\"text-align: left;\"><span style=\"color: #333333;\">\u00a0<\/span><\/p>\n<\/div><div class=\"fusion-clearfix\"><\/div><\/div><\/div><div class=\"fusion-layout-column fusion_builder_column fusion-builder-column-9 fusion_builder_column_1_6 1_6 fusion-one-sixth fusion-column-last fusion-no-small-visibility\" style=\"--awb-bg-blend:overlay;--awb-bg-size:cover;width:16.666666666667%;width:calc(16.666666666667% - ( ( 4% + 4% ) * 0.16666666666667 ) );\"><div class=\"fusion-column-wrapper fusion-flex-column-wrapper-legacy\"><div class=\"fusion-clearfix\"><\/div><\/div><\/div><\/div><\/div><div class=\"fusion-fullwidth fullwidth-box fusion-builder-row-3 nonhundred-percent-fullwidth non-hundred-percent-height-scrolling\" style=\"--awb-background-position:center bottom;--awb-border-radius-top-left:0px;--awb-border-radius-top-right:0px;--awb-border-radius-bottom-right:0px;--awb-border-radius-bottom-left:0px;--awb-padding-top:17px;--awb-padding-bottom:63px;--awb-background-color:#eeeeee;\" ><div class=\"fusion-builder-row fusion-row\"><div class=\"fusion-layout-column fusion_builder_column fusion-builder-column-10 fusion_builder_column_1_6 1_6 fusion-one-sixth fusion-column-first fusion-no-small-visibility\" style=\"--awb-bg-blend:overlay;--awb-bg-size:cover;width:16.666666666667%;width:calc(16.666666666667% - ( ( 4% + 4% ) * 0.16666666666667 ) );margin-right: 4%;\"><div class=\"fusion-column-wrapper fusion-flex-column-wrapper-legacy\"><div class=\"fusion-clearfix\"><\/div><\/div><\/div><div class=\"fusion-layout-column fusion_builder_column fusion-builder-column-11 fusion_builder_column_2_3 2_3 fusion-two-third\" style=\"--awb-bg-blend:overlay;--awb-bg-size:cover;--awb-margin-top:90px;--awb-margin-bottom:2%;width:66.666666666667%;width:calc(66.666666666667% - ( ( 4% + 4% ) * 0.66666666666667 ) );margin-right: 4%;\"><div class=\"fusion-column-wrapper fusion-flex-column-wrapper-legacy\"><div class=\"fusion-title title fusion-title-2 fusion-sep-none fusion-title-center fusion-title-text fusion-title-size-two\" style=\"--awb-text-color:#3d3d3c;--awb-margin-top:0px;\"><h2 class=\"title-heading-center fusion-responsive-typography-calculated\" style=\"margin:0;--fontSize:44;line-height:1.05;\">Projekte<\/h2><\/div><div class=\"fusion-sep-clear\"><\/div><div class=\"fusion-separator\" style=\"margin-left: auto;margin-right: auto;margin-top:16px;margin-bottom:36px;width:100%;max-width:24%;\"><div class=\"fusion-separator-border sep-single\" style=\"border-color:#5e6276;border-top-width:2px;\"><\/div><\/div><div class=\"fusion-sep-clear\"><\/div><div class=\"fusion-text fusion-text-6\"><p style=\"text-align: center;\"><span style=\"color: #3d3d3c;\">Damit Sie einen kleinen Einblick in meinen Arbeitsalltag gewinnen k\u00f6nnen und sich somit ein erstes eigenes Bild schaffen k\u00f6nnen.<\/span><\/p>\n<\/div><div class=\"fusion-sep-clear\"><\/div><div class=\"fusion-separator\" style=\"margin-left: auto;margin-right: auto;margin-bottom:20px;width:100%;max-width:24%;\"><\/div><div class=\"fusion-sep-clear\"><\/div><div class=\"fusion-clearfix\"><\/div><\/div><\/div><div class=\"fusion-layout-column fusion_builder_column fusion-builder-column-12 fusion_builder_column_1_6 1_6 fusion-one-sixth fusion-column-last fusion-no-small-visibility\" style=\"--awb-bg-blend:overlay;--awb-bg-size:cover;width:16.666666666667%;width:calc(16.666666666667% - ( ( 4% + 4% ) * 0.16666666666667 ) );\"><div class=\"fusion-column-wrapper fusion-flex-column-wrapper-legacy\"><div class=\"fusion-clearfix\"><\/div><\/div><\/div><div class=\"fusion-layout-column fusion_builder_column fusion-builder-column-13 fusion_builder_column_1_1 1_1 fusion-one-full fusion-column-first fusion-column-last\" style=\"--awb-padding-top:16px;--awb-bg-blend:overlay;--awb-bg-size:cover;--awb-margin-top:0px;\"><div class=\"fusion-column-wrapper fusion-flex-column-wrapper-legacy\"><div class=\"awb-gallery-wrapper awb-gallery-wrapper-1 button-span-no\" style=\"--more-btn-alignment:center;\"><div style=\"margin:-5px;--awb-bordersize:0px;\" class=\"fusion-gallery fusion-gallery-container fusion-grid-3 fusion-columns-total-5 fusion-gallery-layout-grid fusion-gallery-1\"><div style=\"padding:5px;\" class=\"fusion-grid-column fusion-gallery-column fusion-gallery-column-3 hover-type-none\"><div class=\"fusion-gallery-image\"><a href=\"https:\/\/wm-an-consulting.de\/wp-content\/uploads\/2019\/10\/Bild-3-neu-Consulting.jpg\" rel=\"noreferrer\" data-rel=\"iLightbox[gallery_image_1]\" class=\"fusion-lightbox\" target=\"_self\"><img decoding=\"async\" src=\"https:\/\/wm-an-consulting.de\/wp-content\/uploads\/2019\/10\/Bild-3-neu-Consulting.jpg\" width=\"2016\" height=\"930\" alt=\"\" title=\"Bild 3 neu Consulting\" aria-label=\"Bild 3 neu Consulting\" class=\"img-responsive wp-image-2000\" srcset=\"https:\/\/wm-an-consulting.de\/wp-content\/uploads\/2019\/10\/Bild-3-neu-Consulting-200x92.jpg 200w, https:\/\/wm-an-consulting.de\/wp-content\/uploads\/2019\/10\/Bild-3-neu-Consulting-400x185.jpg 400w, https:\/\/wm-an-consulting.de\/wp-content\/uploads\/2019\/10\/Bild-3-neu-Consulting-600x277.jpg 600w, https:\/\/wm-an-consulting.de\/wp-content\/uploads\/2019\/10\/Bild-3-neu-Consulting-800x369.jpg 800w, https:\/\/wm-an-consulting.de\/wp-content\/uploads\/2019\/10\/Bild-3-neu-Consulting-1200x554.jpg 1200w, https:\/\/wm-an-consulting.de\/wp-content\/uploads\/2019\/10\/Bild-3-neu-Consulting.jpg 2016w\" sizes=\"(min-width: 2200px) 100vw, (min-width: 784px) 390px, (min-width: 712px) 585px, (min-width: 640px) 712px, \" \/><\/a><\/div><\/div><div style=\"padding:5px;\" class=\"fusion-grid-column fusion-gallery-column fusion-gallery-column-3 hover-type-none\"><div class=\"fusion-gallery-image\"><a href=\"https:\/\/wm-an-consulting.de\/wp-content\/uploads\/2019\/10\/Bild-5-Consulting.jpg\" rel=\"noreferrer\" data-rel=\"iLightbox[gallery_image_1]\" class=\"fusion-lightbox\" target=\"_self\"><img decoding=\"async\" src=\"https:\/\/wm-an-consulting.de\/wp-content\/uploads\/2019\/10\/Bild-5-Consulting.jpg\" width=\"2448\" height=\"3264\" alt=\"\" title=\"Bild 5 Consulting\" aria-label=\"Bild 5 Consulting\" class=\"img-responsive wp-image-2001\" srcset=\"https:\/\/wm-an-consulting.de\/wp-content\/uploads\/2019\/10\/Bild-5-Consulting-200x267.jpg 200w, https:\/\/wm-an-consulting.de\/wp-content\/uploads\/2019\/10\/Bild-5-Consulting-400x533.jpg 400w, https:\/\/wm-an-consulting.de\/wp-content\/uploads\/2019\/10\/Bild-5-Consulting-600x800.jpg 600w, https:\/\/wm-an-consulting.de\/wp-content\/uploads\/2019\/10\/Bild-5-Consulting-800x1067.jpg 800w, https:\/\/wm-an-consulting.de\/wp-content\/uploads\/2019\/10\/Bild-5-Consulting-1200x1600.jpg 1200w, https:\/\/wm-an-consulting.de\/wp-content\/uploads\/2019\/10\/Bild-5-Consulting.jpg 2448w\" sizes=\"(min-width: 2200px) 100vw, (min-width: 784px) 390px, (min-width: 712px) 585px, (min-width: 640px) 712px, \" \/><\/a><\/div><\/div><div style=\"padding:5px;\" class=\"fusion-grid-column fusion-gallery-column fusion-gallery-column-3 hover-type-none\"><div class=\"fusion-gallery-image\"><a href=\"https:\/\/wm-an-consulting.de\/wp-content\/uploads\/2019\/10\/Bild-1-Consulting.jpg\" rel=\"noreferrer\" data-rel=\"iLightbox[gallery_image_1]\" class=\"fusion-lightbox\" target=\"_self\"><img decoding=\"async\" src=\"https:\/\/wm-an-consulting.de\/wp-content\/uploads\/2019\/10\/Bild-1-Consulting.jpg\" width=\"4032\" height=\"3024\" alt=\"\" title=\"Bild 1 Consulting\" aria-label=\"Bild 1 Consulting\" class=\"img-responsive wp-image-2002\" srcset=\"https:\/\/wm-an-consulting.de\/wp-content\/uploads\/2019\/10\/Bild-1-Consulting-200x150.jpg 200w, https:\/\/wm-an-consulting.de\/wp-content\/uploads\/2019\/10\/Bild-1-Consulting-400x300.jpg 400w, https:\/\/wm-an-consulting.de\/wp-content\/uploads\/2019\/10\/Bild-1-Consulting-600x450.jpg 600w, https:\/\/wm-an-consulting.de\/wp-content\/uploads\/2019\/10\/Bild-1-Consulting-800x600.jpg 800w, https:\/\/wm-an-consulting.de\/wp-content\/uploads\/2019\/10\/Bild-1-Consulting-1200x900.jpg 1200w, https:\/\/wm-an-consulting.de\/wp-content\/uploads\/2019\/10\/Bild-1-Consulting.jpg 4032w\" sizes=\"(min-width: 2200px) 100vw, (min-width: 784px) 390px, (min-width: 712px) 585px, (min-width: 640px) 712px, \" \/><\/a><\/div><\/div><div class=\"clearfix\"><\/div><div style=\"padding:5px;\" class=\"fusion-grid-column fusion-gallery-column fusion-gallery-column-3 hover-type-none\"><div class=\"fusion-gallery-image\"><a href=\"https:\/\/wm-an-consulting.de\/wp-content\/uploads\/2019\/10\/Arburg-570.png\" rel=\"noreferrer\" data-rel=\"iLightbox[gallery_image_1]\" class=\"fusion-lightbox\" target=\"_self\"><img decoding=\"async\" src=\"https:\/\/wm-an-consulting.de\/wp-content\/uploads\/2019\/10\/Arburg-570.png\" width=\"1386\" height=\"1070\" alt=\"\" title=\"Arburg 570\" aria-label=\"Arburg 570\" class=\"img-responsive wp-image-2056\" srcset=\"https:\/\/wm-an-consulting.de\/wp-content\/uploads\/2019\/10\/Arburg-570-200x154.png 200w, https:\/\/wm-an-consulting.de\/wp-content\/uploads\/2019\/10\/Arburg-570-400x309.png 400w, https:\/\/wm-an-consulting.de\/wp-content\/uploads\/2019\/10\/Arburg-570-600x463.png 600w, https:\/\/wm-an-consulting.de\/wp-content\/uploads\/2019\/10\/Arburg-570-800x618.png 800w, https:\/\/wm-an-consulting.de\/wp-content\/uploads\/2019\/10\/Arburg-570-1200x926.png 1200w, https:\/\/wm-an-consulting.de\/wp-content\/uploads\/2019\/10\/Arburg-570.png 1386w\" sizes=\"(min-width: 2200px) 100vw, (min-width: 784px) 390px, (min-width: 712px) 585px, (min-width: 640px) 712px, \" \/><\/a><\/div><\/div><div style=\"padding:5px;\" class=\"fusion-grid-column fusion-gallery-column fusion-gallery-column-3 hover-type-none\"><div class=\"fusion-gallery-image\"><a href=\"https:\/\/wm-an-consulting.de\/wp-content\/uploads\/2019\/10\/Bild-2-Consulting.jpg\" rel=\"noreferrer\" data-rel=\"iLightbox[gallery_image_1]\" class=\"fusion-lightbox\" target=\"_self\"><img decoding=\"async\" src=\"https:\/\/wm-an-consulting.de\/wp-content\/uploads\/2019\/10\/Bild-2-Consulting.jpg\" width=\"359\" height=\"240\" alt=\"\" title=\"Bild 2 Consulting\" aria-label=\"Bild 2 Consulting\" class=\"img-responsive wp-image-2003\" srcset=\"https:\/\/wm-an-consulting.de\/wp-content\/uploads\/2019\/10\/Bild-2-Consulting-200x134.jpg 200w, https:\/\/wm-an-consulting.de\/wp-content\/uploads\/2019\/10\/Bild-2-Consulting.jpg 359w\" sizes=\"(min-width: 2200px) 100vw, (min-width: 784px) 390px, (min-width: 712px) 585px, (min-width: 640px) 712px, \" \/><\/a><\/div><\/div><\/div><\/div><div class=\"fusion-clearfix\"><\/div><\/div><\/div><\/div><\/div><\/p>\n","protected":false},"excerpt":{"rendered":"","protected":false},"author":1,"featured_media":0,"parent":0,"menu_order":0,"comment_status":"closed","ping_status":"closed","template":"100-width.php","meta":{"footnotes":""},"class_list":["post-1993","page","type-page","status-publish","hentry"],"_links":{"self":[{"href":"https:\/\/wm-an-consulting.de\/index.php?rest_route=\/wp\/v2\/pages\/1993","targetHints":{"allow":["GET"]}}],"collection":[{"href":"https:\/\/wm-an-consulting.de\/index.php?rest_route=\/wp\/v2\/pages"}],"about":[{"href":"https:\/\/wm-an-consulting.de\/index.php?rest_route=\/wp\/v2\/types\/page"}],"author":[{"embeddable":true,"href":"https:\/\/wm-an-consulting.de\/index.php?rest_route=\/wp\/v2\/users\/1"}],"replies":[{"embeddable":true,"href":"https:\/\/wm-an-consulting.de\/index.php?rest_route=%2Fwp%2Fv2%2Fcomments&post=1993"}],"version-history":[{"count":29,"href":"https:\/\/wm-an-consulting.de\/index.php?rest_route=\/wp\/v2\/pages\/1993\/revisions"}],"predecessor-version":[{"id":2207,"href":"https:\/\/wm-an-consulting.de\/index.php?rest_route=\/wp\/v2\/pages\/1993\/revisions\/2207"}],"wp:attachment":[{"href":"https:\/\/wm-an-consulting.de\/index.php?rest_route=%2Fwp%2Fv2%2Fmedia&parent=1993"}],"curies":[{"name":"wp","href":"https:\/\/api.w.org\/{rel}","templated":true}]}}